{"id":58,"date":"2022-03-04T14:13:30","date_gmt":"2022-03-04T17:13:30","guid":{"rendered":"http:\/\/fernandabellicieri.com\/?page_id=58"},"modified":"2024-07-11T15:58:09","modified_gmt":"2024-07-11T18:58:09","slug":"corpo-e-texto","status":"publish","type":"page","link":"https:\/\/fernandabellicieri.com\/it\/corpo-e-texto\/","title":{"rendered":"Corpo e Texto"},"content":{"rendered":"<p>[et_pb_section fb_built=&#8221;1&#8243; _builder_version=&#8221;4.14.8&#8243; _module_preset=&#8221;default&#8221; background_color=&#8221;#000000&#8243; custom_padding=&#8221;51px|||||&#8221; global_colors_info=&#8221;{}&#8221;][et_pb_row _builder_version=&#8221;4.14.8&#8243; _module_preset=&#8221;default&#8221; locked=&#8221;off&#8221; global_colors_info=&#8221;{}&#8221;][et_pb_column type=&#8221;4_4&#8243; _builder_version=&#8221;4.14.8&#8243; _module_preset=&#8221;default&#8221; global_colors_info=&#8221;{}&#8221;][et_pb_menu menu_id=&#8221;none&#8221; active_link_color=&#8221;#F60064&#8243; dropdown_menu_bg_color=&#8221;RGBA(255,255,255,0)&#8221; dropdown_menu_line_color=&#8221;#F60064&#8243; mobile_menu_bg_color=&#8221;rgba(0,0,0,0.81)&#8221; logo=&#8221;http:\/\/fernandabellicieri.com\/wp-content\/uploads\/2022\/04\/icon.png&#8221; logo_url=&#8221;@ET-DC@eyJkeW5hbWljIjp0cnVlLCJjb250ZW50IjoiaG9tZV91cmwiLCJzZXR0aW5ncyI6e319@&#8221; cart_icon_color=&#8221;#FFFFFF&#8221; search_icon_color=&#8221;#FFFFFF&#8221; menu_icon_color=&#8221;#FFFFFF&#8221; _builder_version=&#8221;4.14.8&#8243; _dynamic_attributes=&#8221;logo_url&#8221; _module_preset=&#8221;default&#8221; menu_text_color=&#8221;#FBA034&#8243; menu_font_size=&#8221;24px&#8221; background_color=&#8221;RGBA(255,255,255,0)&#8221; text_orientation=&#8221;right&#8221; menu_letter_spacing_tablet=&#8221;&#8221; menu_letter_spacing_phone=&#8221;&#8221; menu_letter_spacing_last_edited=&#8221;on|desktop&#8221; global_module=&#8221;2499&#8243; global_colors_info=&#8221;{}&#8221;][\/et_pb_menu][\/et_pb_column][\/et_pb_row][et_pb_row _builder_version=&#8221;4.14.8&#8243; _module_preset=&#8221;default&#8221; background_image=&#8221;http:\/\/fernandabellicieri.com\/wp-content\/uploads\/2022\/03\/BGcorpotexto.png&#8221; background_size=&#8221;contain&#8221; background_position=&#8221;top_center&#8221; width=&#8221;100%&#8221; max_width=&#8221;90%&#8221; min_height=&#8221;1031px&#8221; min_height_tablet=&#8221;&#8221; min_height_phone=&#8221;&#8221; min_height_last_edited=&#8221;on|phone&#8221; custom_margin=&#8221;-3%|auto|0%|auto|false|false&#8221; custom_margin_tablet=&#8221;-77px|auto||auto||&#8221; custom_margin_phone=&#8221;-4%|auto||auto|false|false&#8221; custom_margin_last_edited=&#8221;on|phone&#8221; custom_padding=&#8221;3px||0px|||&#8221; global_colors_info=&#8221;{}&#8221;][et_pb_column type=&#8221;4_4&#8243; _builder_version=&#8221;4.14.8&#8243; _module_preset=&#8221;default&#8221; global_colors_info=&#8221;{}&#8221;][et_pb_text _builder_version=&#8221;4.14.8&#8243; _module_preset=&#8221;default&#8221; text_font=&#8221;Arial||||||||&#8221; text_text_color=&#8221;#FFFFFF&#8221; text_font_size=&#8221;1.1rem&#8221; width=&#8221;97.3%&#8221; max_width=&#8221;40%&#8221; max_width_tablet=&#8221;40%&#8221; max_width_phone=&#8221;100%&#8221; max_width_last_edited=&#8221;on|phone&#8221; custom_margin=&#8221;56.8%|8px||54%|false|false&#8221; custom_margin_tablet=&#8221;56%|8px||54%|false|false&#8221; custom_margin_phone=&#8221;83%|10%||10%|false|false&#8221; custom_margin_last_edited=&#8221;on|phone&#8221; custom_padding=&#8221;||50px|||&#8221; hover_enabled=&#8221;0&#8243; global_colors_info=&#8221;{}&#8221; sticky_enabled=&#8221;0&#8243;]<\/p>\n<p>Corpo Texto \u00e9 morada de \u00a0mergulhos reflexivos.<\/p>\n<p>O espa\u00e7o de registro de produ\u00e7\u00f5es art\u00edsticas autorais e acad\u00eamicas, resultantes da lida com as m\u00faltiplas linguagens. Teoria e experimenta\u00e7\u00e3o: processos cont\u00ednuos e indissoci\u00e1veis.<\/p>\n<p>Corpo Texto \u00e9 onde reside-me a alma transicional, decantada em letras e \u00a0movimento.<\/p>\n<p>Escrever? Meu pretexto de existir. J\u00e1 descobriu o seu?<\/p>\n<p>[\/et_pb_text][\/et_pb_column][\/et_pb_row][et_pb_row _builder_version=&#8221;4.14.8&#8243; _module_preset=&#8221;default&#8221; max_width=&#8221;100%&#8221; custom_margin=&#8221;0.1%|auto||auto|false|false&#8221; custom_padding=&#8221;36px|||||&#8221; border_width_top=&#8221;2px&#8221; border_color_top=&#8221;#f3f3f3&#8243; global_colors_info=&#8221;{}&#8221;][et_pb_column type=&#8221;4_4&#8243; _builder_version=&#8221;4.14.8&#8243; _module_preset=&#8221;default&#8221; global_colors_info=&#8221;{}&#8221;][et_pb_text _builder_version=&#8221;4.14.8&#8243; _module_preset=&#8221;default&#8221; text_font=&#8221;Bebas Neue||||||||&#8221; text_text_color=&#8221;#fba034&#8243; header_font=&#8221;Bebas Neue||||||||&#8221; header_text_color=&#8221;#782a05&#8243; header_2_text_color=&#8221;#fba034&#8243; inline_fonts=&#8221;Bebas Neue&#8221; global_colors_info=&#8221;{}&#8221;]<\/p>\n<h2><span style=\" font-family: 'Bebas Neue'; font-weight: normal;\"><strong>Produ\u00e7\u00f5es<\/strong><\/span><\/h2>\n<p>[\/et_pb_text][\/et_pb_column][\/et_pb_row][et_pb_row column_structure=&#8221;1_4,1_4,1_4,1_4&#8243; _builder_version=&#8221;4.14.8&#8243; _module_preset=&#8221;default&#8221; max_width=&#8221;100%&#8221; global_colors_info=&#8221;{}&#8221;][et_pb_column type=&#8221;1_4&#8243; _builder_version=&#8221;4.14.8&#8243; _module_preset=&#8221;default&#8221; global_colors_info=&#8221;{}&#8221;][et_pb_image src=&#8221;http:\/\/fernandabellicieri.com\/wp-content\/uploads\/2022\/03\/animaInCronica.png&#8221; title_text=&#8221;animaInCronica&#8221; url=&#8221;@ET-DC@eyJkeW5hbWljIjp0cnVlLCJjb250ZW50IjoicG9zdF9saW5rX3VybF9wYWdlIiwic2V0dGluZ3MiOnsicG9zdF9pZCI6IjgwIn19@&#8221; _builder_version=&#8221;4.14.8&#8243; _dynamic_attributes=&#8221;url&#8221; _module_preset=&#8221;default&#8221; global_colors_info=&#8221;{}&#8221;][\/et_pb_image][\/et_pb_column][et_pb_column type=&#8221;1_4&#8243; _builder_version=&#8221;4.14.8&#8243; _module_preset=&#8221;default&#8221; global_colors_info=&#8221;{}&#8221;][et_pb_image src=&#8221;http:\/\/fernandabellicieri.com\/wp-content\/uploads\/2022\/03\/experienciaCorpoTexto.png&#8221; title_text=&#8221;experienciaCorpoTexto&#8221; url=&#8221;@ET-DC@eyJkeW5hbWljIjp0cnVlLCJjb250ZW50IjoicG9zdF9saW5rX3VybF9wYWdlIiwic2V0dGluZ3MiOnsicG9zdF9pZCI6IjExNCJ9fQ==@&#8221; _builder_version=&#8221;4.14.8&#8243; _dynamic_attributes=&#8221;url&#8221; _module_preset=&#8221;default&#8221; global_colors_info=&#8221;{}&#8221;][\/et_pb_image][\/et_pb_column][et_pb_column type=&#8221;1_4&#8243; _builder_version=&#8221;4.14.8&#8243; _module_preset=&#8221;default&#8221; global_colors_info=&#8221;{}&#8221;][et_pb_image src=&#8221;http:\/\/fernandabellicieri.com\/wp-content\/uploads\/2022\/03\/passageiros.png&#8221; title_text=&#8221;passageiros&#8221; url=&#8221;@ET-DC@eyJkeW5hbWljIjp0cnVlLCJjb250ZW50IjoicG9zdF9saW5rX3VybF9wYWdlIiwic2V0dGluZ3MiOnsicG9zdF9pZCI6IjExOCJ9fQ==@&#8221; _builder_version=&#8221;4.14.8&#8243; _dynamic_attributes=&#8221;url&#8221; _module_preset=&#8221;default&#8221; global_colors_info=&#8221;{}&#8221;][\/et_pb_image][\/et_pb_column][et_pb_column type=&#8221;1_4&#8243; _builder_version=&#8221;4.14.8&#8243; _module_preset=&#8221;default&#8221; global_colors_info=&#8221;{}&#8221;][et_pb_image src=&#8221;http:\/\/fernandabellicieri.com\/wp-content\/uploads\/2022\/03\/fernandas.png&#8221; title_text=&#8221;fernandas&#8221; url=&#8221;@ET-DC@eyJkeW5hbWljIjp0cnVlLCJjb250ZW50IjoicG9zdF9saW5rX3VybF9wYWdlIiwic2V0dGluZ3MiOnsicG9zdF9pZCI6IjEyNSJ9fQ==@&#8221; _builder_version=&#8221;4.14.8&#8243; _dynamic_attributes=&#8221;url&#8221; _module_preset=&#8221;default&#8221; global_colors_info=&#8221;{}&#8221;][\/et_pb_image][\/et_pb_column][\/et_pb_row][\/et_pb_section]<\/p>\n","protected":false},"excerpt":{"rendered":"<p>Corpo Texto \u00e9 morada de \u00a0mergulhos reflexivos. O espa\u00e7o de registro de produ\u00e7\u00f5es art\u00edsticas autorais e acad\u00eamicas, resultantes da lida com as m\u00faltiplas linguagens. Teoria e experimenta\u00e7\u00e3o: processos cont\u00ednuos e indissoci\u00e1veis. Corpo Texto \u00e9 onde reside-me a alma transicional, decantada em letras e \u00a0movimento. Escrever? Meu pretexto de existir. J\u00e1 descobriu o seu?Produ\u00e7\u00f5es<\/p>","protected":false},"author":1,"featured_media":0,"parent":0,"menu_order":0,"comment_status":"closed","ping_status":"closed","template":"","meta":{"_et_pb_use_builder":"on","_et_pb_old_content":"","_et_gb_content_width":"","footnotes":""},"class_list":["post-58","page","type-page","status-publish","hentry"],"_links":{"self":[{"href":"https:\/\/fernandabellicieri.com\/it\/wp-json\/wp\/v2\/pages\/58","targetHints":{"allow":["GET"]}}],"collection":[{"href":"https:\/\/fernandabellicieri.com\/it\/wp-json\/wp\/v2\/pages"}],"about":[{"href":"https:\/\/fernandabellicieri.com\/it\/wp-json\/wp\/v2\/types\/page"}],"author":[{"embeddable":true,"href":"https:\/\/fernandabellicieri.com\/it\/wp-json\/wp\/v2\/users\/1"}],"replies":[{"embeddable":true,"href":"https:\/\/fernandabellicieri.com\/it\/wp-json\/wp\/v2\/comments?post=58"}],"version-history":[{"count":0,"href":"https:\/\/fernandabellicieri.com\/it\/wp-json\/wp\/v2\/pages\/58\/revisions"}],"wp:attachment":[{"href":"https:\/\/fernandabellicieri.com\/it\/wp-json\/wp\/v2\/media?parent=58"}],"curies":[{"name":"wp","href":"https:\/\/api.w.org\/{rel}","templated":true}]}}