{"id":118,"date":"2022-03-04T16:09:38","date_gmt":"2022-03-04T19:09:38","guid":{"rendered":"http:\/\/fernandabellicieri.com\/?page_id=118"},"modified":"2024-07-11T19:20:24","modified_gmt":"2024-07-11T22:20:24","slug":"a-via-passageiros","status":"publish","type":"page","link":"https:\/\/fernandabellicieri.com\/it\/corpo-e-texto\/a-via-passageiros\/","title":{"rendered":"A Via: Passageiros"},"content":{"rendered":"<p>[et_pb_section fb_built=&#8221;1&#8243; _builder_version=&#8221;4.14.8&#8243; _module_preset=&#8221;default&#8221; background_color=&#8221;#000000&#8243; custom_padding=&#8221;||0px|||&#8221; global_colors_info=&#8221;{}&#8221;][et_pb_row _builder_version=&#8221;4.14.8&#8243; _module_preset=&#8221;default&#8221; locked=&#8221;off&#8221; global_colors_info=&#8221;{}&#8221;][et_pb_column type=&#8221;4_4&#8243; _builder_version=&#8221;4.14.8&#8243; _module_preset=&#8221;default&#8221; global_colors_info=&#8221;{}&#8221;][et_pb_menu menu_id=&#8221;none&#8221; active_link_color=&#8221;#FFFFFF&#8221; dropdown_menu_bg_color=&#8221;RGBA(255,255,255,0)&#8221; dropdown_menu_line_color=&#8221;#F60064&#8243; mobile_menu_bg_color=&#8221;rgba(0,0,0,0.81)&#8221; logo=&#8221;http:\/\/fernandabellicieri.com\/wp-content\/uploads\/2022\/03\/home.png&#8221; logo_url=&#8221;@ET-DC@eyJkeW5hbWljIjp0cnVlLCJjb250ZW50IjoiaG9tZV91cmwiLCJzZXR0aW5ncyI6e319@&#8221; cart_icon_color=&#8221;#FFFFFF&#8221; search_icon_color=&#8221;#FFFFFF&#8221; menu_icon_color=&#8221;#FFFFFF&#8221; _builder_version=&#8221;4.14.8&#8243; _dynamic_attributes=&#8221;logo_url&#8221; _module_preset=&#8221;default&#8221; menu_text_color=&#8221;#FFFFFF&#8221; menu_font_size=&#8221;24px&#8221; background_color=&#8221;RGBA(255,255,255,0)&#8221; text_orientation=&#8221;right&#8221; custom_margin=&#8221;||76px|||&#8221; menu_letter_spacing_tablet=&#8221;&#8221; menu_letter_spacing_phone=&#8221;&#8221; menu_letter_spacing_last_edited=&#8221;on|desktop&#8221; global_module=&#8221;2497&#8243; global_colors_info=&#8221;{}&#8221;][\/et_pb_menu][\/et_pb_column][\/et_pb_row][et_pb_row _builder_version=&#8221;4.14.8&#8243; _module_preset=&#8221;default&#8221; module_alignment=&#8221;center&#8221; custom_margin=&#8221;-47px|auto||0px|false|false&#8221; custom_margin_tablet=&#8221;-47px|auto||0px|false|false&#8221; custom_margin_phone=&#8221;-47px|auto||0px|false|false&#8221; custom_margin_last_edited=&#8221;on|tablet&#8221; module_alignment_tablet=&#8221;center&#8221; module_alignment_phone=&#8221;center&#8221; module_alignment_last_edited=&#8221;on|tablet&#8221; global_colors_info=&#8221;{}&#8221;][et_pb_column type=&#8221;4_4&#8243; _builder_version=&#8221;4.14.8&#8243; _module_preset=&#8221;default&#8221; global_colors_info=&#8221;{}&#8221;][et_pb_image src=&#8221;http:\/\/fernandabellicieri.com\/wp-content\/uploads\/2022\/03\/passageiros2.png&#8221; title_text=&#8221;passageiros2&#8243; _builder_version=&#8221;4.14.8&#8243; _module_preset=&#8221;default&#8221; custom_margin=&#8221;-15px|||||&#8221; global_colors_info=&#8221;{}&#8221;][\/et_pb_image][\/et_pb_column][\/et_pb_row][\/et_pb_section][et_pb_section fb_built=&#8221;1&#8243; _builder_version=&#8221;4.14.8&#8243; _module_preset=&#8221;default&#8221; background_color=&#8221;#000000&#8243; hover_enabled=&#8221;0&#8243; global_colors_info=&#8221;{}&#8221; sticky_enabled=&#8221;0&#8243;][et_pb_row _builder_version=&#8221;4.14.8&#8243; _module_preset=&#8221;default&#8221; global_colors_info=&#8221;{}&#8221;][et_pb_column type=&#8221;4_4&#8243; _builder_version=&#8221;4.14.8&#8243; _module_preset=&#8221;default&#8221; global_colors_info=&#8221;{}&#8221;][et_pb_text _builder_version=&#8221;4.14.8&#8243; _module_preset=&#8221;default&#8221; text_text_color=&#8221;#d8d8d8&#8243; global_colors_info=&#8221;{}&#8221;]<\/p>\n<figure class=\"w-richtext-figure-type-image w-richtext-align-fullwidth\" style=\"max-width: 800px;\" data-rt-type=\"image\" data-rt-align=\"fullwidth\" data-rt-max-width=\"800px\">\n<div><img decoding=\"async\" src=\"https:\/\/uploads-ssl.webflow.com\/5cf96b419c5f05509f54fbc1\/5cfe59336023d77e10a15e92_2.1-%20A%20VIA%20PASSAGEIROS%202.JPG\" \/><\/div><figcaption>Fotos: Lu\u00eds Catenacci<\/figcaption><p><span style=\"color: #fba034;\">\u00a0<strong>A Via: Passageiros<\/strong><\/span> \u00e9 uma performance teatral, sob forma de mon\u00f3logo, com 10 esquetes adaptadas do meu livro <span style=\"color: #fba034;\"><strong>Cr\u00f4nicas da Cidade Cr\u00f4nica<\/strong><\/span> , que pode ser encontrado na Home do site. O tema central \u00e9 o retrato do cotidiano ca\u00f3tico, comum aos grandes centros urbanos, sob a perspectiva de alguns de seus personagens transeuntes. O intuito da montagem \u00e9 sensibilizar o p\u00fablico para a invisibilidade \u00a0do \u00a0homem em situa\u00e7\u00e3o de rua e fomentar a discuss\u00e3o sobre a desigualdade social.<\/p>\n<\/figure>\n<p>A performance teatral nasceu em 2007, com uma perspectiva po\u00e9tico-conciliadora, \u00a0abordando de temas universais, inerentes \u00e0 condi\u00e7\u00e3o humana: contraste, paradoxos, preconceitos, descaso, viol\u00eancia, abandono, esperan\u00e7a. Entre 2007 e 2011 &#8220;A via: passageiros\u201d\u00a0percorreu circuito acad\u00eamico, em Mostras e Congressos, nacionais e internacionais.<\/p>\n<p>O ponto de partida para a constru\u00e7\u00e3o da performance foi a abstra\u00e7\u00e3o da realidade do centro de S\u00e3o Paulo, sua transcri\u00e7\u00e3o, sob forma de textos liter\u00e1rios, e sua posterior transposi\u00e7\u00e3o \u00e0 cena perform\u00e1tica.\u00a0A montagem tem minha assinatura nos textos, identidade visual de Maria Lucia Nardy e dire\u00e7\u00e3o de H\u00e2nia Cec\u00edlia Pilan, cujas pesquisas de mestrado e doutorado fundamentam-se nas experi\u00eancias e viv\u00eancias do homem em situa\u00e7\u00e3o de rua, sua rela\u00e7\u00e3o com o entorno nas grandes cidades, e o modo como s\u00e3o capazes de reconfigurar essa realidade a partir da experi\u00eancia est\u00e9tica.<\/p>\n<p>O di\u00e1logo entre a realidade, ficcionada na autoria dos textos, e a pesquisa de campo desenvolvidas por Maria Lucia Nardy e H\u00e2nia Cecilia Pilan, trouxeram para a montagem um car\u00e1ter de intercambiamento entre linguagens e entre academia, pesquisa e experimento c\u00eanico.Um dos pressupostos da montagem \u00e9 trabalhar quest\u00f5es inerentemente humanas como identidade, mem\u00f3ria, fugacidade, conflito e outras tantas fragilidades pressupostas da exist\u00eancia, utilizando-se de um discurso po\u00e9tico, de matrizes codiciais m\u00faltiplas (texto, imagem, \u00e1udio, v\u00eddeo, dan\u00e7a) para ampliar superf\u00edcies de contato e percep\u00e7\u00e3o do p\u00fablico a que se dirige.<\/p>\n<p>O exerc\u00edcio de experimenta\u00e7\u00e3o autoral de<span style=\"color: #fba034;\"><strong> A Via: Passageiros<\/strong><\/span>, acabou por gerar um m\u00e9todo de cria\u00e7\u00e3o, incorporado em trabalhos perform\u00e1ticos posteriores: utiliza\u00e7\u00e3o de pesquisa de car\u00e1ter fenomenol\u00f3gico para constru\u00e7\u00e3o de textos liter\u00e1rios e imagens, e adapta\u00e7\u00e3o para uma dramaturgia multiplataforma. Esse processo de lida m\u00faltipla com as linguagens para estetiza\u00e7\u00e3o de intencionalidades foi apresentado em detalhes na minha tese doutoral <span style=\"color: #fba034;\"><strong>A experi\u00eancia do corpo texto<\/strong><\/span>.<\/p>\n<p>Nesse cen\u00e1rio, \u00a0a relev\u00e2ncia da montagem e seu processo consistem na promo\u00e7\u00e3o de um teatro-den\u00fancia, apto a apontar contrastes sociais, comuns aos grandes centros urbanos, e a propor uma nova perspectiva sobre a compaix\u00e3o, por meio da conscientiza\u00e7\u00e3o. E ainda que, de fato, conscientizar seja ambicioso, despertar plat\u00e9ias a tal discuss\u00e3o, j\u00e1 se faz, em princ\u00edpio, resultado satisfat\u00f3rio.<\/p>\n<p>A montagem tamb\u00e9m despertou-me uma miss\u00e3o: ampliar as plataformas de reflex\u00e3o do humano sobre o humano atrav\u00e9s da escritura c\u00eanica. O que tenho carregado, desde ent\u00e3o, em todos meus demais trabalhos, sejam c\u00f4micos, dram\u00e1ticos, cr\u00edticos ou ir\u00f4nicos.<\/p>\n<p><strong><span style=\"color: #fba034;\">A Via: passageiros <\/span><\/strong>\u00a0&#8211; curr\u00edculo:<\/p>\n<p>&#8211; 2 meses de apresenta\u00e7\u00e3o no Centro Hist\u00f3rico da Universidade Mackenzie. Outubro e Novembro de 2007<\/p>\n<p>&#8211; Apresenta\u00e7\u00e3o do processo de cria\u00e7\u00e3o no Congresso Intercom Sudeste, com o artigo <span style=\"color: #fba034;\">A Via Passageiros: Pesquisa, Processos<\/span>. Maio de 2008, S\u00e3o Paulo.<\/p>\n<p>&#8211; Apresenta\u00e7\u00e3o na Semana de Comunica\u00e7\u00e3o da Universidade Mackenzie. Outubro de 2008<\/p>\n<p>&#8211; Apresenta\u00e7\u00f5es de esquetes da pe\u00e7a no Programa Mackvida. Fevereiro e Agosto de 2008<\/p>\n<p>&#8211; Apresenta\u00e7\u00e3o do processo no <span style=\"color: #fba034;\">\u201cV Semin\u00e1rio Internacional Im\u00e1genes de la Cultura\/ Cultura de las Im\u00e1genes\u201d<\/span>. Abril de 2009, Barcelona.<\/p>\n<p>&#8211; Apresenta\u00e7\u00e3o (processo e trechos da montagem) na<span style=\"color: #fba034;\"> Mostra de P\u00f3s Gradua\u00e7\u00e3o Educa\u00e7\u00e3o, Arte e Hist\u00f3ria da Cultura<\/span>, Universidade Mackenzie, S\u00e3o Paulo. Abril 2009.<\/p>\n<p>&#8211; 2 meses em cartaz no <span style=\"color: #fba034;\">Espa\u00e7o Galharufa<\/span>, na Pra\u00e7a Roosevelt, centro de S\u00e3o Paulo. Mar\u00e7o e Abril de 2009<\/p>\n<p>&#8211; Apresenta\u00e7\u00e3o em <span style=\"color: #fba034;\">Congresso CIANTEC, em Aveiro, Portugal<\/span>, em Outubro de 2009, com \u00a0publica\u00e7\u00e3o do texto.<\/p>\n<p>&#8211; Pr\u00eamio de circula\u00e7\u00e3o<span style=\"color: #fba034;\"> Festival ETC Guarulhos<\/span> 2010.<\/p>\n<p>&#8211; Cap\u00edtulo do <span style=\"color: #fba034;\">\u00a0livro Cris\u00e1lida<\/span> (sobre criatividade e inova\u00e7\u00e3o), em 2011.<\/p>\n<p>&#8211; Apresenta\u00e7\u00e3o no <span style=\"color: #fba034;\">Congresso Generative Art, em Mil\u00e3o<\/span> 2010, tendo o artigo sobre o processo de cria\u00e7\u00e3o publicado nos anais do evento.<\/p>\n<p><span style=\"font-size: 16px;\">&#8211; Apresenta\u00e7\u00e3o do m\u00e9todo de trabalho e processo em<span style=\"color: #fba034;\"> Avanca &#8211; Portugal <\/span>2011.<\/span><\/p>\n<figure class=\"w-richtext-figure-type-image w-richtext-align-fullwidth\" style=\"max-width: 3130px;\" data-rt-type=\"image\" data-rt-align=\"fullwidth\" data-rt-max-width=\"3130px\">\n<div><img decoding=\"async\" src=\"https:\/\/uploads-ssl.webflow.com\/5cf96b419c5f05509f54fbc1\/5da1c3fd46ca6dcfe17ed1cd_06090003.JPG\" \/><\/div>\n<\/figure>\n<figure class=\"w-richtext-figure-type-image w-richtext-align-fullwidth\" style=\"max-width: 530px;\" data-rt-type=\"image\" data-rt-align=\"fullwidth\" data-rt-max-width=\"530px\">\n<div><img decoding=\"async\" src=\"https:\/\/uploads-ssl.webflow.com\/5cf96b419c5f05509f54fbc1\/5cfe593c65ffac46b3deb727_2.1-%20A%20VIA%20PASSAGEIROS%203.JPG\" \/><\/div>\n<\/figure>\n<figure class=\"w-richtext-figure-type-image w-richtext-align-fullwidth\" style=\"max-width: 3130px;\" data-rt-type=\"image\" data-rt-align=\"fullwidth\" data-rt-max-width=\"3130px\">\n<div><img decoding=\"async\" src=\"https:\/\/uploads-ssl.webflow.com\/5cf96b419c5f05509f54fbc1\/5da1c418c2820975f086333c_06090007.JPG\" \/><\/div>\n<\/figure>\n<figure class=\"w-richtext-figure-type-image w-richtext-align-fullwidth\" style=\"max-width: 3130px;\" data-rt-type=\"image\" data-rt-align=\"fullwidth\" data-rt-max-width=\"3130px\">\n<div><img decoding=\"async\" src=\"https:\/\/uploads-ssl.webflow.com\/5cf96b419c5f05509f54fbc1\/5da1c421f4a9e78c2c43ad70_06090009.JPG\" \/><\/div>\n<\/figure>\n<figure class=\"w-richtext-figure-type-image w-richtext-align-fullwidth\" style=\"max-width: 3130px;\" data-rt-type=\"image\" data-rt-align=\"fullwidth\" data-rt-max-width=\"3130px\">\n<div><img decoding=\"async\" src=\"https:\/\/uploads-ssl.webflow.com\/5cf96b419c5f05509f54fbc1\/5da1c432ab57bdfc0ffb8185_06090012.JPG\" \/><\/div>\n<\/figure>\n<figure class=\"w-richtext-figure-type-image w-richtext-align-fullwidth\" style=\"max-width: 3130px;\" data-rt-type=\"image\" data-rt-align=\"fullwidth\" data-rt-max-width=\"3130px\">\n<div><img decoding=\"async\" src=\"https:\/\/uploads-ssl.webflow.com\/5cf96b419c5f05509f54fbc1\/5da1c444dc1a3b21f6166f69_06090014.JPG\" \/><\/div>\n<\/figure>\n<figure class=\"w-richtext-figure-type-image w-richtext-align-fullwidth\" style=\"max-width: 3130px;\" data-rt-type=\"image\" data-rt-align=\"fullwidth\" data-rt-max-width=\"3130px\">\n<div><img decoding=\"async\" src=\"https:\/\/uploads-ssl.webflow.com\/5cf96b419c5f05509f54fbc1\/5da1c454ef24887288da2747_06090021.JPG\" \/><\/div>\n<\/figure>\n<figure class=\"w-richtext-figure-type-image w-richtext-align-fullwidth\" style=\"max-width: 3130px;\" data-rt-type=\"image\" data-rt-align=\"fullwidth\" data-rt-max-width=\"3130px\">\n<div><img decoding=\"async\" src=\"https:\/\/uploads-ssl.webflow.com\/5cf96b419c5f05509f54fbc1\/5da1c45c15ce7d51d7eadead_06090024.JPG\" \/><\/div>\n<\/figure>\n<figure class=\"w-richtext-figure-type-image w-richtext-align-fullwidth\" style=\"max-width: 800px;\" data-rt-type=\"image\" data-rt-align=\"fullwidth\" data-rt-max-width=\"800px\">\n<div><img decoding=\"async\" src=\"https:\/\/uploads-ssl.webflow.com\/5cf96b419c5f05509f54fbc1\/5cfe5945ba6e268135ec81d6_2.1-%20A%20VIA%20PASSAGEIROS%204.JPG\" \/><\/div>\n<\/figure>\n<figure class=\"w-richtext-figure-type-image w-richtext-align-fullwidth\" style=\"max-width: 3130px;\" data-rt-type=\"image\" data-rt-align=\"fullwidth\" data-rt-max-width=\"3130px\">\n<div><img decoding=\"async\" src=\"https:\/\/uploads-ssl.webflow.com\/5cf96b419c5f05509f54fbc1\/5da1c481c28209a9cb863ca9_06090028.JPG\" \/><\/div>\n<\/figure>\n<figure class=\"w-richtext-figure-type-image w-richtext-align-fullwidth\" style=\"max-width: 3130px;\" data-rt-type=\"image\" data-rt-align=\"fullwidth\" data-rt-max-width=\"3130px\">\n<div><img decoding=\"async\" src=\"https:\/\/uploads-ssl.webflow.com\/5cf96b419c5f05509f54fbc1\/5da1c48c15ce7d49c7eaf488_06990008.JPG\" \/><\/div>\n<\/figure>\n<figure class=\"w-richtext-figure-type-image w-richtext-align-fullwidth\" style=\"max-width: 3130px;\" data-rt-type=\"image\" data-rt-align=\"fullwidth\" data-rt-max-width=\"3130px\">\n<div><img decoding=\"async\" src=\"https:\/\/uploads-ssl.webflow.com\/5cf96b419c5f05509f54fbc1\/5da1c495dc1a3ba353168407_06990011.JPG\" \/><\/div>\n<\/figure>\n<figure class=\"w-richtext-figure-type-image w-richtext-align-fullwidth\" style=\"max-width: 3130px;\" data-rt-type=\"image\" data-rt-align=\"fullwidth\" data-rt-max-width=\"3130px\">\n<div><img decoding=\"async\" src=\"https:\/\/uploads-ssl.webflow.com\/5cf96b419c5f05509f54fbc1\/5da1c49fe5e6d31cc14fd733_06990015.JPG\" \/><\/div>\n<\/figure>\n<figure class=\"w-richtext-figure-type-image w-richtext-align-fullwidth\" style=\"max-width: 2075px;\" data-rt-type=\"image\" data-rt-align=\"fullwidth\" data-rt-max-width=\"2075px\">\n<div><img decoding=\"async\" src=\"https:\/\/uploads-ssl.webflow.com\/5cf96b419c5f05509f54fbc1\/5da1c4aaae93b6849e66e04b_06990017.JPG\" \/><\/div>\n<\/figure>\n<figure class=\"w-richtext-figure-type-image w-richtext-align-fullwidth\" style=\"max-width: 2075px;\" data-rt-type=\"image\" data-rt-align=\"fullwidth\" data-rt-max-width=\"2075px\">\n<div><img decoding=\"async\" src=\"https:\/\/uploads-ssl.webflow.com\/5cf96b419c5f05509f54fbc1\/5da1c4b6ae93b68b0e66e8b6_06990018.JPG\" \/><\/div>\n<\/figure>\n<figure class=\"w-richtext-figure-type-image w-richtext-align-fullwidth\" style=\"max-width: 3130px;\" data-rt-type=\"image\" data-rt-align=\"fullwidth\" data-rt-max-width=\"3130px\">\n<div><img decoding=\"async\" src=\"https:\/\/uploads-ssl.webflow.com\/5cf96b419c5f05509f54fbc1\/5da1c4c3ae93b6368f66f1f6_06990019.JPG\" \/><\/div>\n<\/figure>\n<figure class=\"w-richtext-figure-type-image w-richtext-align-fullwidth\" style=\"max-width: 3130px;\" data-rt-type=\"image\" data-rt-align=\"fullwidth\" data-rt-max-width=\"3130px\">\n<div><img decoding=\"async\" src=\"https:\/\/uploads-ssl.webflow.com\/5cf96b419c5f05509f54fbc1\/5da1c4cee3981f6954589f7c_06990024.JPG\" \/><\/div>\n<\/figure>\n<figure class=\"w-richtext-figure-type-image w-richtext-align-fullwidth\" style=\"max-width: 3130px;\" data-rt-type=\"image\" data-rt-align=\"fullwidth\" data-rt-max-width=\"3130px\">\n<div><img decoding=\"async\" src=\"https:\/\/uploads-ssl.webflow.com\/5cf96b419c5f05509f54fbc1\/5da1c4d9dc1a3b3af91690ba_06990026.JPG\" \/><\/div>\n<\/figure>\n<p>\u200d<\/p>\n<figure class=\"w-richtext-figure-type-image w-richtext-align-fullwidth\" style=\"max-width: 3130px;\" data-rt-type=\"image\" data-rt-align=\"fullwidth\" data-rt-max-width=\"3130px\">\n<div><img decoding=\"async\" src=\"https:\/\/uploads-ssl.webflow.com\/5cf96b419c5f05509f54fbc1\/5da1c4e4dc1a3b0900169344_06990029.JPG\" \/><\/div>\n<\/figure>\n<p>[\/et_pb_text][\/et_pb_column][\/et_pb_row][\/et_pb_section]<\/p>\n","protected":false},"excerpt":{"rendered":"<p>Fotos: Lu\u00eds Catenacci \u00a0A Via: Passageiros \u00e9 uma performance teatral, sob forma de mon\u00f3logo, com 10 esquetes adaptadas do meu livro Cr\u00f4nicas da Cidade Cr\u00f4nica , que pode ser encontrado na Home do site. O tema central \u00e9 o retrato do cotidiano ca\u00f3tico, comum aos grandes centros urbanos, sob a perspectiva de alguns de seus [&hellip;]<\/p>\n","protected":false},"author":1,"featured_media":0,"parent":58,"menu_order":0,"comment_status":"closed","ping_status":"closed","template":"","meta":{"_et_pb_use_builder":"on","_et_pb_old_content":"","_et_gb_content_width":"","footnotes":""},"class_list":["post-118","page","type-page","status-publish","hentry"],"_links":{"self":[{"href":"https:\/\/fernandabellicieri.com\/it\/wp-json\/wp\/v2\/pages\/118","targetHints":{"allow":["GET"]}}],"collection":[{"href":"https:\/\/fernandabellicieri.com\/it\/wp-json\/wp\/v2\/pages"}],"about":[{"href":"https:\/\/fernandabellicieri.com\/it\/wp-json\/wp\/v2\/types\/page"}],"author":[{"embeddable":true,"href":"https:\/\/fernandabellicieri.com\/it\/wp-json\/wp\/v2\/users\/1"}],"replies":[{"embeddable":true,"href":"https:\/\/fernandabellicieri.com\/it\/wp-json\/wp\/v2\/comments?post=118"}],"version-history":[{"count":0,"href":"https:\/\/fernandabellicieri.com\/it\/wp-json\/wp\/v2\/pages\/118\/revisions"}],"up":[{"embeddable":true,"href":"https:\/\/fernandabellicieri.com\/it\/wp-json\/wp\/v2\/pages\/58"}],"wp:attachment":[{"href":"https:\/\/fernandabellicieri.com\/it\/wp-json\/wp\/v2\/media?parent=118"}],"curies":[{"name":"wp","href":"https:\/\/api.w.org\/{rel}","templated":true}]}}